{"id":14911,"date":"2025-09-10T09:19:55","date_gmt":"2025-09-10T08:19:55","guid":{"rendered":"https:\/\/www.bnbf2025.com\/?page_id=14911"},"modified":"2025-09-18T21:30:51","modified_gmt":"2025-09-18T20:30:51","slug":"presse","status":"publish","type":"page","link":"https:\/\/www.bnbf2026.com\/en\/presse\/","title":{"rendered":"Presses"},"content":{"rendered":"\t\t<div data-elementor-type=\"wp-page\" data-elementor-id=\"14911\" class=\"elementor elementor-14911\">\n\t\t\t\t\t\t<section class=\"elementor-section elementor-top-section elementor-element elementor-element-8b93874 elementor-section-stretched elementor-section-content-middle elementor-section-boxed elementor-section-height-default elementor-section-height-default elementor-invisible\" data-id=\"8b93874\" data-element_type=\"section\" data-settings=\"{&quot;stretch_section&quot;:&quot;section-stretched&quot;,&quot;background_background&quot;:&quot;classic&quot;,&quot;animation&quot;:&quot;fadeInUp&quot;}\">\n\t\t\t\t\t\t<div class=\"elementor-container elementor-column-gap-default\">\n\t\t\t\t\t<div class=\"elementor-column elementor-col-100 elementor-top-column elementor-element elementor-element-06d8304\" data-id=\"06d8304\" data-element_type=\"column\">\n\t\t\t<div class=\"elementor-widget-wrap elementor-element-populated\">\n\t\t\t\t\t\t<section class=\"elementor-section elementor-inner-section elementor-element elementor-element-488ddf8 elementor-section-content-middle elementor-section-boxed elementor-section-height-default elementor-section-height-default\" data-id=\"488ddf8\" data-element_type=\"section\">\n\t\t\t\t\t\t<div class=\"elementor-container elementor-column-gap-default\">\n\t\t\t\t\t<div class=\"elementor-column elementor-col-100 elementor-inner-column elementor-element elementor-element-59f8222\" data-id=\"59f8222\" data-element_type=\"column\">\n\t\t\t<div class=\"elementor-widget-wrap elementor-element-populated\">\n\t\t\t\t\t\t<div class=\"elementor-element elementor-element-c0bbf7a elementor-widget elementor-widget-rs-heading\" data-id=\"c0bbf7a\" data-element_type=\"widget\" data-widget_type=\"rs-heading.default\">\n\t\t\t\t<div class=\"elementor-widget-container\">\n\t\t\t\t\t        <div class=\"rs-heading default center \">\r\n        \t<div class=\"title-inner\">\r\n        \t\t      \t\t\r\n\t            <span class=\"sub-text \">Presses<\/span><h2 class=\"title\"><span class=\"watermark\"><\/span>Documents\n<\/h2>\t        <\/div>\r\n\t                <\/div>\r\n\r\n        \t\t\t\t<\/div>\n\t\t\t\t<\/div>\n\t\t\t\t<div class=\"elementor-element elementor-element-f5d4c8d elementor-widget elementor-widget-text-editor\" data-id=\"f5d4c8d\" data-element_type=\"widget\" data-widget_type=\"text-editor.default\">\n\t\t\t\t\t\t\t\t\t<p>Here you will find all the key documents from the Benin\u2013Nigeria Forum: reports, press releases, guides, and publications made available to inform and assist you. This library allows you to quickly access official resources, view the details of each document, and download those that interest you.<\/p>\t\t\t\t\t\t\t\t<\/div>\n\t\t\t\t\t<\/div>\n\t\t<\/div>\n\t\t\t\t\t<\/div>\n\t\t<\/section>\n\t\t\t\t\t<\/div>\n\t\t<\/div>\n\t\t\t\t\t<\/div>\n\t\t<\/section>\n\t\t<div class=\"elementor-element elementor-element-83060a5 e-flex e-con-boxed e-con e-parent\" data-id=\"83060a5\" data-element_type=\"container\">\n\t\t\t\t\t<div class=\"e-con-inner\">\n\t\t\t\t<div class=\"elementor-element elementor-element-2639d70 elementor-widget elementor-widget-shortcode\" data-id=\"2639d70\" data-element_type=\"widget\" data-widget_type=\"shortcode.default\">\n\t\t\t\t\t\t\t<div class=\"elementor-shortcode\">    <style>\n      .bnd-doc-grid{display:grid;grid-template-columns:repeat(3,1fr);gap:24px}\n      .bnd-doc-card{border-radius:14px;overflow:hidden;box-shadow:0 6px 18px rgba(0,0,0,.08);background:#fff;display:flex;flex-direction:column}\n      .bnd-doc-media{background:#f6f7f9;display:flex;align-items:center;justify-content:center;min-height:180px}\n      .bnd-doc-media img{width:100%;height:100%;object-fit:cover;display:block}\n      .bnd-doc-body{padding:16px 16px 12px}\n      .bnd-doc-title{font-size:18px;font-weight:700;margin:0 0 8px 0;color:#0D1B2A}\n      .bnd-doc-excerpt{font-size:14px;line-height:1.5;color:#334155;margin:0 0 14px 0;min-height:3.3em}\n      .bnd-doc-actions{display:flex;gap:10px;padding:0 16px 16px 16px;margin-top:auto}\n      .bnd-btn{border:none;border-radius:8px;padding:10px 14px;font-weight:700;cursor:pointer;text-decoration:none;display:inline-block}\n      .bnd-btn.view{background:#0D8754;color:#fff}\n      .bnd-btn.download{background:#E4352B;color:#fff}\n      @media(max-width:1024px){.bnd-doc-grid{grid-template-columns:repeat(2,1fr)}}\n      @media(max-width:768px){.bnd-doc-grid{grid-template-columns:1fr}}\n    <\/style>\n    <div class=\"bnd-doc-grid\">\n            <article class=\"bnd-doc-card\">\n        <div class=\"bnd-doc-media\">\n                  <\/div>\n        <div class=\"bnd-doc-body\">\n          <h3 class=\"bnd-doc-title\">Official Brochure of the Benin Nigeria Business Forum 2026<\/h3>\n          <p class=\"bnd-doc-excerpt\">The Benin Nigeria Business Forum 2026 brochure is available for viewing and download on this page. You will find all the relevant information about the event, including the\u2026<\/p>\n        <\/div>\n        <div class=\"bnd-doc-actions\">\n          <a class=\"bnd-btn view\" href=\"https:\/\/www.bnbf2026.com\/en\/documents\/official-brochure-of-the-benin-nigeria-business-forum-2026\/\">See more<\/a>\n                      <a class=\"bnd-btn download\" href=\"http:\/\/www.bnbf2026.com\/en\/wp-content\/uploads\/2026\/01\/Brochure_BNBF-1.pdf\" target=\"_blank\" rel=\"noopener\">Download<\/a>\n                  <\/div>\n      <\/article>\n            <article class=\"bnd-doc-card\">\n        <div class=\"bnd-doc-media\">\n                      <img decoding=\"async\" src=\"https:\/\/www.bnbf2026.com\/en\/wp-content\/uploads\/2025\/09\/gdiz-faq-1024x358.jpg\" alt=\"GLO-DJIGB\u00c9 INDUSTRIAL ZONE Z\u00c8-B\u00c9NIN (GDIZ)\">\n                  <\/div>\n        <div class=\"bnd-doc-body\">\n          <h3 class=\"bnd-doc-title\">GLO-DJIGB\u00c9 INDUSTRIAL ZONE Z\u00c8-B\u00c9NIN (GDIZ)<\/h3>\n          <p class=\"bnd-doc-excerpt\">GDIZ, a public-private partnership between the Republic of Benin and ARISE Integrated Industrial Platforms (ARISE IIP), a pan-African leader in the development and operation of world-class industrial parks\u2026<\/p>\n        <\/div>\n        <div class=\"bnd-doc-actions\">\n          <a class=\"bnd-btn view\" href=\"https:\/\/www.bnbf2026.com\/en\/documents\/glo-djigbe-industrial-zone-ze-benin-gdiz\/\">See more<\/a>\n                      <a class=\"bnd-btn download\" href=\"http:\/\/www.bnbf2026.com\/en\/wp-content\/uploads\/2025\/09\/KAZU-Brochure_Revised-2.pdf\" target=\"_blank\" rel=\"noopener\">Download<\/a>\n                  <\/div>\n      <\/article>\n            <article class=\"bnd-doc-card\">\n        <div class=\"bnd-doc-media\">\n                      <img decoding=\"async\" src=\"https:\/\/www.bnbf2026.com\/en\/wp-content\/uploads\/2025\/09\/1752663090801.jpg\" alt=\"BENIN CASHEW SA\">\n                  <\/div>\n        <div class=\"bnd-doc-body\">\n          <h3 class=\"bnd-doc-title\">BENIN CASHEW SA<\/h3>\n          <p class=\"bnd-doc-excerpt\">Premium African Cashew Kernel Brand. State-of-the-art, technologically advanced processing Facility to process premium-quality Cashew Kernels Installed Capacity is 100,000 MT of Raw Cashew Nut in Multiple Shifts All\u2026<\/p>\n        <\/div>\n        <div class=\"bnd-doc-actions\">\n          <a class=\"bnd-btn view\" href=\"https:\/\/www.bnbf2026.com\/en\/documents\/cdc-benin-at-a-glance\/\">See more<\/a>\n                      <a class=\"bnd-btn download\" href=\"http:\/\/www.bnbf2026.com\/en\/wp-content\/uploads\/2025\/09\/Brochure_Format_Paysage.pdf\" target=\"_blank\" rel=\"noopener\">Download<\/a>\n                  <\/div>\n      <\/article>\n          <\/div>\n    <\/div>\n\t\t\t\t\t\t<\/div>\n\t\t\t\t\t<\/div>\n\t\t\t\t<\/div>\n\t\t\t\t<\/div>\n\t\t","protected":false},"excerpt":{"rendered":"<p>Presses Documents Here you will find all the key documents from the Benin\u2013Nigeria Forum: reports, press releases, guides, and publications made available to inform and assist you. This library allows you to quickly access official resources, view the details of each document, and download those that interest you.<\/p>\n","protected":false},"author":1,"featured_media":0,"parent":0,"menu_order":0,"comment_status":"closed","ping_status":"closed","template":"","meta":{"iawp_total_views":20,"footnotes":""},"class_list":["post-14911","page","type-page","status-publish","hentry"],"aioseo_notices":[],"_links":{"self":[{"href":"https:\/\/www.bnbf2026.com\/en\/wp-json\/wp\/v2\/pages\/14911","targetHints":{"allow":["GET"]}}],"collection":[{"href":"https:\/\/www.bnbf2026.com\/en\/wp-json\/wp\/v2\/pages"}],"about":[{"href":"https:\/\/www.bnbf2026.com\/en\/wp-json\/wp\/v2\/types\/page"}],"author":[{"embeddable":true,"href":"https:\/\/www.bnbf2026.com\/en\/wp-json\/wp\/v2\/users\/1"}],"replies":[{"embeddable":true,"href":"https:\/\/www.bnbf2026.com\/en\/wp-json\/wp\/v2\/comments?post=14911"}],"version-history":[{"count":10,"href":"https:\/\/www.bnbf2026.com\/en\/wp-json\/wp\/v2\/pages\/14911\/revisions"}],"predecessor-version":[{"id":15063,"href":"https:\/\/www.bnbf2026.com\/en\/wp-json\/wp\/v2\/pages\/14911\/revisions\/15063"}],"wp:attachment":[{"href":"https:\/\/www.bnbf2026.com\/en\/wp-json\/wp\/v2\/media?parent=14911"}],"curies":[{"name":"wp","href":"https:\/\/api.w.org\/{rel}","templated":true}]}}